{"id":394,"date":"2021-05-03T14:34:32","date_gmt":"2021-05-03T12:34:32","guid":{"rendered":"https:\/\/campingripole.com\/activites\/"},"modified":"2025-03-21T10:30:49","modified_gmt":"2025-03-21T09:30:49","slug":"activities","status":"publish","type":"page","link":"https:\/\/campingripole.com\/en\/activities\/","title":{"rendered":"Activities"},"content":{"rendered":"\n<div class=\"wp-block-columns box is-layout-flex wp-container-core-columns-is-layout-9d6595d7 wp-block-columns-is-layout-flex\">\n<div class=\"wp-block-column is-layout-flow wp-block-column-is-layout-flow\">\n<h1 class=\"wp-block-heading\">Things to do in the area<\/h1>\n\n\n\n<div class=\"wp-block-columns are-vertically-aligned-center is-layout-flex wp-container-core-columns-is-layout-9d6595d7 wp-block-columns-is-layout-flex\">\n<div class=\"wp-block-column is-vertically-aligned-center is-layout-flow wp-block-column-is-layout-flow\" style=\"flex-basis:55%\">\n<p>On-site sctivities include swimming in the campsite pool, fishing, playing p\u00e9tanque or set off on a hiking from the campsite. Nearby, the lakes at Saint-Est\u00e8phe and Saint-Saud-Lacoussi\u00e8re are ideal for swimming and relaxing.<\/p>\n\n\n\n<p>For those who love the outdoors, there are a many available activities: horse-riding, tennis, golf, as well as rideing on all-terrain electric scooters and dog-sleigh rides for a unique experience in the heart of the Dordogne.<\/p>\n\n\n\n<p>We also organised supervised outings: canoeing in <a href=\"https:\/\/www.brantomeenperigord.fr\/fr\/\" target=\"_blank\" rel=\"noreferrer noopener\">Brant\u00f4me<\/a>, <a href=\"https:\/\/veloraildefrance.com\/24-velorail-du-perigord-vert-minisite\/\" target=\"_blank\" rel=\"noreferrer noopener\">rail-biking in Corgnac<\/a>, as well as hiking and mountain-biking trips leaving from the campsite. For the curious, a visit to the nearby Savonnerie Royale will immerse you in the world of local craftsmanship.<\/p>\n<\/div>\n\n\n\n<div class=\"wp-block-column is-vertically-aligned-center is-layout-flow wp-block-column-is-layout-flow\">\n<figure class=\"wp-block-image size-full\"><img loading=\"lazy\" decoding=\"async\" width=\"1000\" height=\"750\" src=\"https:\/\/campingripole.com\/wp-content\/uploads\/2025\/03\/etang-de-st-estephe-perigord-vert.webp\" alt=\"Activities and sightseeing near Camping la Ripole\" class=\"wp-image-1343\" srcset=\"https:\/\/campingripole.com\/wp-content\/uploads\/2025\/03\/etang-de-st-estephe-perigord-vert.webp 1000w, https:\/\/campingripole.com\/wp-content\/uploads\/2025\/03\/etang-de-st-estephe-perigord-vert-300x225.webp 300w, https:\/\/campingripole.com\/wp-content\/uploads\/2025\/03\/etang-de-st-estephe-perigord-vert-768x576.webp 768w\" sizes=\"auto, (max-width: 1000px) 100vw, 1000px\" \/><\/figure>\n<\/div>\n<\/div>\n\n\n\n<p>In the vicinity of the campsite, we encourge you to discover the many riches of the Dordogne: the <a href=\"https:\/\/grotte-villars.com\/\" target=\"_blank\" rel=\"noreferrer noopener\">Gotte de Villars<\/a>, the majestic ch\u00e2teaux of Puyguilhem, Bourdeilles and Montbrun, and Brant\u00f4me, nicknamed the Venice of the P\u00e9rigord boasting an abbey with the oldest bell tower in France. Or take a stroll through the narrow streets of the medieval village of Saint-Jean-de-C\u00f4le, listed as one of the most beautiful villages in France.<\/p>\n\n\n\n<p>Last but not least, don&#8217;t miss out on the chance to discover local craftsmanship with a visit to the P\u00f4le des M\u00e9tiers d&#8217;Art in Nontron, famous for its cutlery-making tradition dating back to the 15th century. You can also visit the water and oil mills, and immerse yourself in the warm atmosphere of the traditional summer festivities that enliven the region throughout the summer.<\/p>\n\n\n\n<figure class=\"wp-block-gallery has-nested-images columns-4 is-cropped activities-images wp-block-gallery-1 is-layout-flex wp-block-gallery-is-layout-flex\">\n<figure class=\"wp-block-image size-large\"><a href=\"https:\/\/campingripole.com\/wp-content\/uploads\/2025\/03\/st-andre-de-lidon.webp\" data-lbwps-width=\"900\" data-lbwps-height=\"675\" data-lbwps-srcsmall=\"https:\/\/campingripole.com\/wp-content\/uploads\/2025\/03\/st-andre-de-lidon-300x225.webp\"><img loading=\"lazy\" decoding=\"async\" width=\"900\" height=\"675\" data-id=\"1362\" src=\"https:\/\/campingripole.com\/wp-content\/uploads\/2025\/03\/st-andre-de-lidon.webp\" alt=\"\" class=\"wp-image-1362\" srcset=\"https:\/\/campingripole.com\/wp-content\/uploads\/2025\/03\/st-andre-de-lidon.webp 900w, https:\/\/campingripole.com\/wp-content\/uploads\/2025\/03\/st-andre-de-lidon-300x225.webp 300w, https:\/\/campingripole.com\/wp-content\/uploads\/2025\/03\/st-andre-de-lidon-768x576.webp 768w\" sizes=\"auto, (max-width: 900px) 100vw, 900px\" \/><\/a><\/figure>\n\n\n\n<figure class=\"wp-block-image size-large\"><a href=\"https:\/\/campingripole.com\/wp-content\/uploads\/2025\/03\/embleme-savonnerie.webp\" data-lbwps-width=\"675\" data-lbwps-height=\"900\" data-lbwps-srcsmall=\"https:\/\/campingripole.com\/wp-content\/uploads\/2025\/03\/embleme-savonnerie-225x300.webp\"><img loading=\"lazy\" decoding=\"async\" width=\"675\" height=\"900\" data-id=\"1348\" src=\"https:\/\/campingripole.com\/wp-content\/uploads\/2025\/03\/embleme-savonnerie.webp\" alt=\"\" class=\"wp-image-1348\" srcset=\"https:\/\/campingripole.com\/wp-content\/uploads\/2025\/03\/embleme-savonnerie.webp 675w, https:\/\/campingripole.com\/wp-content\/uploads\/2025\/03\/embleme-savonnerie-225x300.webp 225w\" sizes=\"auto, (max-width: 675px) 100vw, 675px\" \/><\/a><\/figure>\n\n\n\n<figure class=\"wp-block-image size-large\"><a href=\"https:\/\/campingripole.com\/wp-content\/uploads\/2025\/03\/grottes.webp\" data-lbwps-width=\"1200\" data-lbwps-height=\"554\" data-lbwps-srcsmall=\"https:\/\/campingripole.com\/wp-content\/uploads\/2025\/03\/grottes-300x139.webp\"><img loading=\"lazy\" decoding=\"async\" width=\"1024\" height=\"473\" data-id=\"1364\" src=\"https:\/\/campingripole.com\/wp-content\/uploads\/2025\/03\/grottes-1024x473.webp\" alt=\"\" class=\"wp-image-1364\" srcset=\"https:\/\/campingripole.com\/wp-content\/uploads\/2025\/03\/grottes-1024x473.webp 1024w, https:\/\/campingripole.com\/wp-content\/uploads\/2025\/03\/grottes-300x139.webp 300w, https:\/\/campingripole.com\/wp-content\/uploads\/2025\/03\/grottes-768x355.webp 768w, https:\/\/campingripole.com\/wp-content\/uploads\/2025\/03\/grottes.webp 1200w\" sizes=\"auto, (max-width: 1024px) 100vw, 1024px\" \/><\/a><\/figure>\n\n\n\n<figure class=\"wp-block-image size-large\"><a href=\"https:\/\/campingripole.com\/wp-content\/uploads\/2025\/03\/riviere-dronne-brantome.webp\" data-lbwps-width=\"900\" data-lbwps-height=\"675\" data-lbwps-srcsmall=\"https:\/\/campingripole.com\/wp-content\/uploads\/2025\/03\/riviere-dronne-brantome-300x225.webp\"><img loading=\"lazy\" decoding=\"async\" width=\"900\" height=\"675\" data-id=\"1356\" src=\"https:\/\/campingripole.com\/wp-content\/uploads\/2025\/03\/riviere-dronne-brantome.webp\" alt=\"\" class=\"wp-image-1356\" srcset=\"https:\/\/campingripole.com\/wp-content\/uploads\/2025\/03\/riviere-dronne-brantome.webp 900w, https:\/\/campingripole.com\/wp-content\/uploads\/2025\/03\/riviere-dronne-brantome-300x225.webp 300w, https:\/\/campingripole.com\/wp-content\/uploads\/2025\/03\/riviere-dronne-brantome-768x576.webp 768w\" sizes=\"auto, (max-width: 900px) 100vw, 900px\" \/><\/a><\/figure>\n\n\n\n<figure class=\"wp-block-image size-large\"><a href=\"https:\/\/campingripole.com\/wp-content\/uploads\/2025\/03\/piscine-camping-ripole.webp\" data-lbwps-width=\"675\" data-lbwps-height=\"900\" data-lbwps-srcsmall=\"https:\/\/campingripole.com\/wp-content\/uploads\/2025\/03\/piscine-camping-ripole-225x300.webp\"><img loading=\"lazy\" decoding=\"async\" width=\"675\" height=\"900\" data-id=\"1352\" src=\"https:\/\/campingripole.com\/wp-content\/uploads\/2025\/03\/piscine-camping-ripole.webp\" alt=\"\" class=\"wp-image-1352\" srcset=\"https:\/\/campingripole.com\/wp-content\/uploads\/2025\/03\/piscine-camping-ripole.webp 675w, https:\/\/campingripole.com\/wp-content\/uploads\/2025\/03\/piscine-camping-ripole-225x300.webp 225w\" sizes=\"auto, (max-width: 675px) 100vw, 675px\" \/><\/a><\/figure>\n\n\n\n<figure class=\"wp-block-image size-large\"><a href=\"https:\/\/campingripole.com\/wp-content\/uploads\/2025\/03\/canoe-brantome.webp\" data-lbwps-width=\"900\" data-lbwps-height=\"675\" data-lbwps-srcsmall=\"https:\/\/campingripole.com\/wp-content\/uploads\/2025\/03\/canoe-brantome-300x225.webp\"><img loading=\"lazy\" decoding=\"async\" width=\"900\" height=\"675\" data-id=\"1354\" src=\"https:\/\/campingripole.com\/wp-content\/uploads\/2025\/03\/canoe-brantome.webp\" alt=\"\" class=\"wp-image-1354\" srcset=\"https:\/\/campingripole.com\/wp-content\/uploads\/2025\/03\/canoe-brantome.webp 900w, https:\/\/campingripole.com\/wp-content\/uploads\/2025\/03\/canoe-brantome-300x225.webp 300w, https:\/\/campingripole.com\/wp-content\/uploads\/2025\/03\/canoe-brantome-768x576.webp 768w\" sizes=\"auto, (max-width: 900px) 100vw, 900px\" \/><\/a><\/figure>\n\n\n\n<figure class=\"wp-block-image size-large\"><a href=\"https:\/\/campingripole.com\/wp-content\/uploads\/2025\/03\/chateau-montbron.webp\" data-lbwps-width=\"900\" data-lbwps-height=\"675\" data-lbwps-srcsmall=\"https:\/\/campingripole.com\/wp-content\/uploads\/2025\/03\/chateau-montbron-300x225.webp\"><img loading=\"lazy\" decoding=\"async\" width=\"900\" height=\"675\" data-id=\"1351\" src=\"https:\/\/campingripole.com\/wp-content\/uploads\/2025\/03\/chateau-montbron.webp\" alt=\"\" class=\"wp-image-1351\" srcset=\"https:\/\/campingripole.com\/wp-content\/uploads\/2025\/03\/chateau-montbron.webp 900w, https:\/\/campingripole.com\/wp-content\/uploads\/2025\/03\/chateau-montbron-300x225.webp 300w, https:\/\/campingripole.com\/wp-content\/uploads\/2025\/03\/chateau-montbron-768x576.webp 768w\" sizes=\"auto, (max-width: 900px) 100vw, 900px\" \/><\/a><\/figure>\n\n\n\n<figure class=\"wp-block-image size-large\"><a href=\"https:\/\/campingripole.com\/wp-content\/uploads\/2025\/03\/trotinettes.webp\" data-lbwps-width=\"1000\" data-lbwps-height=\"1000\" data-lbwps-srcsmall=\"https:\/\/campingripole.com\/wp-content\/uploads\/2025\/03\/trotinettes-300x300.webp\"><img loading=\"lazy\" decoding=\"async\" width=\"1000\" height=\"1000\" data-id=\"1399\" src=\"https:\/\/campingripole.com\/wp-content\/uploads\/2025\/03\/trotinettes.webp\" alt=\"\" class=\"wp-image-1399\" srcset=\"https:\/\/campingripole.com\/wp-content\/uploads\/2025\/03\/trotinettes.webp 1000w, https:\/\/campingripole.com\/wp-content\/uploads\/2025\/03\/trotinettes-300x300.webp 300w, https:\/\/campingripole.com\/wp-content\/uploads\/2025\/03\/trotinettes-150x150.webp 150w, https:\/\/campingripole.com\/wp-content\/uploads\/2025\/03\/trotinettes-768x768.webp 768w\" sizes=\"auto, (max-width: 1000px) 100vw, 1000px\" \/><\/a><\/figure>\n\n\n\n<figure class=\"wp-block-image size-large\"><a href=\"https:\/\/campingripole.com\/wp-content\/uploads\/2025\/03\/st-jean-de-cole.webp\" data-lbwps-width=\"900\" data-lbwps-height=\"675\" data-lbwps-srcsmall=\"https:\/\/campingripole.com\/wp-content\/uploads\/2025\/03\/st-jean-de-cole-300x225.webp\"><img loading=\"lazy\" decoding=\"async\" width=\"900\" height=\"675\" data-id=\"1366\" src=\"https:\/\/campingripole.com\/wp-content\/uploads\/2025\/03\/st-jean-de-cole.webp\" alt=\"\" class=\"wp-image-1366\" srcset=\"https:\/\/campingripole.com\/wp-content\/uploads\/2025\/03\/st-jean-de-cole.webp 900w, https:\/\/campingripole.com\/wp-content\/uploads\/2025\/03\/st-jean-de-cole-300x225.webp 300w, https:\/\/campingripole.com\/wp-content\/uploads\/2025\/03\/st-jean-de-cole-768x576.webp 768w\" sizes=\"auto, (max-width: 900px) 100vw, 900px\" \/><\/a><\/figure>\n\n\n\n<figure class=\"wp-block-image size-large\"><a href=\"https:\/\/campingripole.com\/wp-content\/uploads\/2025\/03\/chien-traineau.webp\" data-lbwps-width=\"900\" data-lbwps-height=\"675\" data-lbwps-srcsmall=\"https:\/\/campingripole.com\/wp-content\/uploads\/2025\/03\/chien-traineau-300x225.webp\"><img loading=\"lazy\" decoding=\"async\" width=\"900\" height=\"675\" data-id=\"1346\" src=\"https:\/\/campingripole.com\/wp-content\/uploads\/2025\/03\/chien-traineau.webp\" alt=\"\" class=\"wp-image-1346\" srcset=\"https:\/\/campingripole.com\/wp-content\/uploads\/2025\/03\/chien-traineau.webp 900w, https:\/\/campingripole.com\/wp-content\/uploads\/2025\/03\/chien-traineau-300x225.webp 300w, https:\/\/campingripole.com\/wp-content\/uploads\/2025\/03\/chien-traineau-768x576.webp 768w\" sizes=\"auto, (max-width: 900px) 100vw, 900px\" \/><\/a><\/figure>\n\n\n\n<figure class=\"wp-block-image size-large\"><a href=\"https:\/\/campingripole.com\/wp-content\/uploads\/2025\/03\/tour-de-piegut.webp\" data-lbwps-width=\"900\" data-lbwps-height=\"675\" data-lbwps-srcsmall=\"https:\/\/campingripole.com\/wp-content\/uploads\/2025\/03\/tour-de-piegut-300x225.webp\"><img loading=\"lazy\" decoding=\"async\" width=\"900\" height=\"675\" data-id=\"1360\" src=\"https:\/\/campingripole.com\/wp-content\/uploads\/2025\/03\/tour-de-piegut.webp\" alt=\"\" class=\"wp-image-1360\" srcset=\"https:\/\/campingripole.com\/wp-content\/uploads\/2025\/03\/tour-de-piegut.webp 900w, https:\/\/campingripole.com\/wp-content\/uploads\/2025\/03\/tour-de-piegut-300x225.webp 300w, https:\/\/campingripole.com\/wp-content\/uploads\/2025\/03\/tour-de-piegut-768x576.webp 768w\" sizes=\"auto, (max-width: 900px) 100vw, 900px\" \/><\/a><\/figure>\n\n\n\n<figure class=\"wp-block-image size-large\"><a href=\"https:\/\/campingripole.com\/wp-content\/uploads\/2025\/03\/velo-rail.webp\" data-lbwps-width=\"675\" data-lbwps-height=\"900\" data-lbwps-srcsmall=\"https:\/\/campingripole.com\/wp-content\/uploads\/2025\/03\/velo-rail-225x300.webp\"><img loading=\"lazy\" decoding=\"async\" width=\"675\" height=\"900\" data-id=\"1358\" src=\"https:\/\/campingripole.com\/wp-content\/uploads\/2025\/03\/velo-rail.webp\" alt=\"\" class=\"wp-image-1358\" srcset=\"https:\/\/campingripole.com\/wp-content\/uploads\/2025\/03\/velo-rail.webp 675w, https:\/\/campingripole.com\/wp-content\/uploads\/2025\/03\/velo-rail-225x300.webp 225w\" sizes=\"auto, (max-width: 675px) 100vw, 675px\" \/><\/a><\/figure>\n<\/figure>\n\n\n\n<p>Don&#8217;t miss the opportunity to discover the area&#8217;s many auberges and taste our P\u00e9rigordine specialities. Not to forget the popular markets: an opportunity to experience the savoir-faire of local producers of foie gras, honey, nuts, cheese, and regional aperitifs.<\/p>\n\n\n\n<p>So many diverse riches can be found within the region of &#8220;La Nouvelle Aquitaine&#8221;. Our campsite is near the borders of 3 of its departments, the <strong>Dordogne<\/strong>, the <strong>Haute Vienne<\/strong> and the <strong>Charente<\/strong>. Experience the historical and cultural heritage of their capitals, P\u00e9rigueux, Limoges and Angoul\u00eame.<\/p>\n\n\n\n<p>Farther afield, why not consider a day trip to <a href=\"http:\/\/www.sarlat-tourisme.com\/lascaux-iv\" target=\"_blank\" rel=\"noreferrer noopener\">LASCAUX 4<\/a>, the world-famous International Centre&nbsp;for&nbsp;Parietal Art.<\/p>\n<\/div>\n<\/div>\n\n\n\n<p><\/p>\n","protected":false},"excerpt":{"rendered":"<h1 class=\"wp-block-heading\">Things to do in the area<\/h1>\n<p>On-site sctivities include swimming in the campsite pool, fishing, playing p\u00e9tanque or set off on a hiking from the campsite. Nearby, the lakes at Saint-Est\u00e8phe and Saint-Saud-Lacoussi\u00e8re are ideal for swimming [&#8230;]<a class=\"blog-more\" href=\"https:\/\/campingripole.com\/en\/activities\/\">Read more<\/a><\/p>\n","protected":false},"author":1,"featured_media":1341,"parent":0,"menu_order":0,"comment_status":"closed","ping_status":"closed","template":"","meta":{"_acf_changed":false,"neve_meta_sidebar":"full-width","neve_meta_container":"","neve_meta_enable_content_width":"on","neve_meta_content_width":100,"neve_meta_title_alignment":"","neve_meta_author_avatar":"","neve_post_elements_order":"","neve_meta_disable_header":"","neve_meta_disable_footer":"","neve_meta_disable_title":"","footnotes":""},"class_list":["post-394","page","type-page","status-publish","has-post-thumbnail","hentry"],"acf":[],"_links":{"self":[{"href":"https:\/\/campingripole.com\/en\/wp-json\/wp\/v2\/pages\/394","targetHints":{"allow":["GET"]}}],"collection":[{"href":"https:\/\/campingripole.com\/en\/wp-json\/wp\/v2\/pages"}],"about":[{"href":"https:\/\/campingripole.com\/en\/wp-json\/wp\/v2\/types\/page"}],"author":[{"embeddable":true,"href":"https:\/\/campingripole.com\/en\/wp-json\/wp\/v2\/users\/1"}],"replies":[{"embeddable":true,"href":"https:\/\/campingripole.com\/en\/wp-json\/wp\/v2\/comments?post=394"}],"version-history":[{"count":23,"href":"https:\/\/campingripole.com\/en\/wp-json\/wp\/v2\/pages\/394\/revisions"}],"predecessor-version":[{"id":1401,"href":"https:\/\/campingripole.com\/en\/wp-json\/wp\/v2\/pages\/394\/revisions\/1401"}],"wp:featuredmedia":[{"embeddable":true,"href":"https:\/\/campingripole.com\/en\/wp-json\/wp\/v2\/media\/1341"}],"wp:attachment":[{"href":"https:\/\/campingripole.com\/en\/wp-json\/wp\/v2\/media?parent=394"}],"curies":[{"name":"wp","href":"https:\/\/api.w.org\/{rel}","templated":true}]}}