{"id":590,"date":"2021-05-19T12:28:53","date_gmt":"2021-05-19T10:28:53","guid":{"rendered":"https:\/\/campingripole.com\/mentions-legales\/"},"modified":"2022-01-19T12:17:25","modified_gmt":"2022-01-19T11:17:25","slug":"legal","status":"publish","type":"page","link":"https:\/\/campingripole.com\/en\/legal\/","title":{"rendered":"Legal"},"content":{"rendered":"\n<div class=\"wp-block-columns box narrow is-layout-flex wp-container-core-columns-is-layout-9d6595d7 wp-block-columns-is-layout-flex\">\n<div class=\"wp-block-column is-layout-flow wp-block-column-is-layout-flow\">\n<h1 class=\"wp-block-heading\">Legal Information<\/h1>\n\n\n\n<p>Camping La Ripole<br>Route du Stade<br>24300 Abjat-sur-Bandiat<\/p>\n\n\n\n<p>Owner : Mme JARRETON, R\u00e9gine<\/p>\n\n\n\n<p>+33 (0)5 53 56 38 81<br>+33 (0)6 11 51 90 25<br><a href=\"mailto:regine@campingripole.com\">regine@campingripole.com<\/a><\/p>\n\n\n\n<p>SIRET : 351 374 996 00012<br>Num\u00e9ro RCS : P\u00e9rigueux A 351 374 996<br>Activit\u00e9 (Code NAF ou APE) : Terrains de camping et parcs pour caravanes ou v\u00e9hicules de loisirs (5530Z)<\/p>\n\n\n\n<p><a href=\"https:\/\/campingripole.com\/conditions-generales\/\">Conditions <\/a><a href=\"https:\/\/campingripole.com\/en\/terms-conditions\/\">G\u00e9n\u00e9rales<\/a><br><a href=\"https:\/\/campingripole.com\/privacy-policy\/\">Politique de confidentialit\u00e9<\/a><\/p>\n\n\n\n<h2 class=\"wp-block-heading\">Website<\/h2>\n\n\n\n<p>The Camping La Ripole website was designed and is hosted by:<\/p>\n\n\n\n<p>SARL PORT 80<br>Mazeroux<br>24470 Milhac-de-Nontron<br><a href=\"https:\/\/port80.services\/\" target=\"_blank\" rel=\"noreferrer noopener\">port80.services<\/a><\/p>\n<\/div>\n<\/div>\n","protected":false},"excerpt":{"rendered":"<h1 class=\"wp-block-heading\">Legal Information<\/h1>\n<p>Camping La Ripole<br \/>Route du Stade<br \/>24300 Abjat-sur-Bandiat<\/p>\n<p>Owner : Mme JARRETON, R\u00e9gine<\/p>\n<p>+33 (0)5 53 56 38 81<br \/>+33 (0)6 11 51 90 25<br \/><a href=\"mailto:regine@campingripole.com\">regine@campingripole.com<\/a><\/p>\n<p>SIRET : 351 374 996 00012<br \/>Num\u00e9ro RCS : P\u00e9rigueux A 351 374 996<br \/>Activit\u00e9 (Code NAF [&#8230;]<a class=\"blog-more\" href=\"https:\/\/campingripole.com\/en\/legal\/\">Read more<\/a><\/p>\n","protected":false},"author":1,"featured_media":0,"parent":0,"menu_order":0,"comment_status":"closed","ping_status":"closed","template":"","meta":{"_acf_changed":false,"neve_meta_sidebar":"full-width","neve_meta_container":"","neve_meta_enable_content_width":"on","neve_meta_content_width":100,"neve_meta_title_alignment":"","neve_meta_author_avatar":"","neve_post_elements_order":"","neve_meta_disable_header":"","neve_meta_disable_footer":"","neve_meta_disable_title":"","footnotes":""},"class_list":["post-590","page","type-page","status-publish","hentry"],"acf":[],"_links":{"self":[{"href":"https:\/\/campingripole.com\/en\/wp-json\/wp\/v2\/pages\/590","targetHints":{"allow":["GET"]}}],"collection":[{"href":"https:\/\/campingripole.com\/en\/wp-json\/wp\/v2\/pages"}],"about":[{"href":"https:\/\/campingripole.com\/en\/wp-json\/wp\/v2\/types\/page"}],"author":[{"embeddable":true,"href":"https:\/\/campingripole.com\/en\/wp-json\/wp\/v2\/users\/1"}],"replies":[{"embeddable":true,"href":"https:\/\/campingripole.com\/en\/wp-json\/wp\/v2\/comments?post=590"}],"version-history":[{"count":3,"href":"https:\/\/campingripole.com\/en\/wp-json\/wp\/v2\/pages\/590\/revisions"}],"predecessor-version":[{"id":594,"href":"https:\/\/campingripole.com\/en\/wp-json\/wp\/v2\/pages\/590\/revisions\/594"}],"wp:attachment":[{"href":"https:\/\/campingripole.com\/en\/wp-json\/wp\/v2\/media?parent=590"}],"curies":[{"name":"wp","href":"https:\/\/api.w.org\/{rel}","templated":true}]}}